{"id":165,"date":"2025-11-12T07:40:31","date_gmt":"2025-11-12T10:40:31","guid":{"rendered":"https:\/\/maenatureza.org.br\/expo_peixes\/?page_id=165"},"modified":"2025-11-12T07:40:31","modified_gmt":"2025-11-12T10:40:31","slug":"peixes-do-tiete-e-outros-rios-brasileiros-42-principais-especies-peixes-de-agua-doce","status":"publish","type":"page","link":"https:\/\/maenatureza.org.br\/expo_peixes\/?page_id=165","title":{"rendered":"PEIXES DO TIET\u00ca E OUTROS RIOS BRASILEIROS \u2013 42 PRINCIPAIS ESP\u00c9CIES PEIXES DE \u00c1GUA DOCE"},"content":{"rendered":"\n<p>SOBRE OS IDEALIZADORES DA EXPOSI\u00c7\u00c3O<\/p>\n\n\n\n<p>_______________________________________<\/p>\n\n\n\n<p>H\u00e9lio Palmesan<\/p>\n\n\n\n<p>Natural de Barra Bonita &#8211; SP (18 de novembro de 1955), ambientalista, fundador do Movimento de Defesa do rio Tiet\u00ea e da Organiza\u00e7\u00e3o N\u00e3o Governamental (ONG) MAE Natureza \u2013 Movimento de Amparo Ecol\u00f3gico e diretor da empresa Navega\u00e7\u00e3o M\u00e9dio Tiet\u00ea. 44 anos de amor pelo Tiet\u00ea e pela natureza marcam a hist\u00f3ria do capit\u00e3o da Marinha Mercante, H\u00e9lio Palmesan<\/p>\n\n\n\n<p><a href=\"http:\/\/www.maenatureza.org.br\">www.maenatureza.org.br<\/a><\/p>\n\n\n\n<p>________________________________________<\/p>\n\n\n\n<p>Lester Scalon<\/p>\n\n\n\n<p>Natural de Sacramento &#8211; MG (08 de fevereiro de 1959), sempre foi um grande apaixonado pela natureza, vivendo e convivendo com ela uma vida toda, tornando-se um fot\u00f3grafo especialista em imagens de vida selvagem. Como escritor, publicou v\u00e1rias obras liter\u00e1rias sobre o assunto. Hoje se destaca como um dos grandes expoentes da pesca esportiva e fotografia no pa\u00eds. Al\u00e9m de ser pescador esportivo profissional e fot\u00f3grafo, \u00e9 tamb\u00e9m artista pl\u00e1stico, consultor t\u00e9cnico e Pro-staff da Sumax Fishing e revista Pesca &amp; Cia, onde publica reportagens desde 1998.<\/p>\n\n\n\n<p><a href=\"https:\/\/rrz-assessoria.webnode.page\/releases\/lester-scalon\">https:\/\/rrz-assessoria.webnode.page\/releases\/lester-scalon<\/a><\/p>\n\n\n\n<p>___________________________________________<\/p>\n\n\n\n<p>Ot\u00e1vio Vieira<\/p>\n\n\n\n<p>Natural de Belo Horizonte \u2013 MG (20 de novembro de 1972), pescador h\u00e1 mais de 15 anos, idealizador e propriet\u00e1rio do Blog e Loja Pesca Gerais.<\/p>\n\n\n\n<p>Em 2008 realizou a primeira competi\u00e7\u00e3o de pesca no Lago de Tr\u00eas Marias. Atualmente o evento encontra-se na sua 11\u00aa edi\u00e7\u00e3o, denominado Torneio Nacional de Pesca Esportiva Lago Tr\u00eas Marias \u2013 MG.<\/p>\n\n\n\n<p>Em 2009 desenvolveu a primeira vers\u00e3o do site Pesca Gerais com objetivo de publicar as pescarias realizadas por ele e amigos, al\u00e9m da divulga\u00e7\u00e3o da pesca de competi\u00e7\u00e3o como esporte e principalmente, levar para o Brasil e o mundo o potencial do turismo da pesca.<\/p>\n\n\n\n<p><a href=\"https:\/\/blog.pescagerais.com.br\/sobre-o-autor\">https:\/\/blog.pescagerais.com.br\/sobre-o-autor<\/a><\/p>\n\n\n\n<p><a href=\"https:\/\/blog.pescagerais.com.br\/peixes-das-aguas-brasileiras\">https:\/\/blog.pescagerais.com.br\/peixes-das-aguas-brasileiras<\/a><\/p>\n","protected":false},"excerpt":{"rendered":"<p>SOBRE OS IDEALIZADORES DA EXPOSI\u00c7\u00c3O _______________________________________ H\u00e9lio Palmesan Natural de Barra Bonita &#8211; SP (18 de novembro&#8230;<\/p>\n","protected":false},"author":1,"featured_media":0,"parent":0,"menu_order":0,"comment_status":"closed","ping_status":"closed","template":"","meta":{"footnotes":""},"class_list":["post-165","page","type-page","status-publish","hentry"],"_links":{"self":[{"href":"https:\/\/maenatureza.org.br\/expo_peixes\/index.php?rest_route=\/wp\/v2\/pages\/165","targetHints":{"allow":["GET"]}}],"collection":[{"href":"https:\/\/maenatureza.org.br\/expo_peixes\/index.php?rest_route=\/wp\/v2\/pages"}],"about":[{"href":"https:\/\/maenatureza.org.br\/expo_peixes\/index.php?rest_route=\/wp\/v2\/types\/page"}],"author":[{"embeddable":true,"href":"https:\/\/maenatureza.org.br\/expo_peixes\/index.php?rest_route=\/wp\/v2\/users\/1"}],"replies":[{"embeddable":true,"href":"https:\/\/maenatureza.org.br\/expo_peixes\/index.php?rest_route=%2Fwp%2Fv2%2Fcomments&post=165"}],"version-history":[{"count":1,"href":"https:\/\/maenatureza.org.br\/expo_peixes\/index.php?rest_route=\/wp\/v2\/pages\/165\/revisions"}],"predecessor-version":[{"id":166,"href":"https:\/\/maenatureza.org.br\/expo_peixes\/index.php?rest_route=\/wp\/v2\/pages\/165\/revisions\/166"}],"wp:attachment":[{"href":"https:\/\/maenatureza.org.br\/expo_peixes\/index.php?rest_route=%2Fwp%2Fv2%2Fmedia&parent=165"}],"curies":[{"name":"wp","href":"https:\/\/api.w.org\/{rel}","templated":true}]}}