{"id":159,"date":"2025-11-12T07:38:09","date_gmt":"2025-11-12T10:38:09","guid":{"rendered":"https:\/\/maenatureza.org.br\/expo_peixes\/?page_id=159"},"modified":"2025-11-12T07:38:09","modified_gmt":"2025-11-12T10:38:09","slug":"consideracoes-finais","status":"publish","type":"page","link":"https:\/\/maenatureza.org.br\/expo_peixes\/?page_id=159","title":{"rendered":"Considera\u00e7\u00f5es Finais"},"content":{"rendered":"\n<p>Ao finalizarmos nossa jornada pelas \u00e1guas brasileiras, fica evidente a riqueza e diversidade dos peixes de \u00e1gua doce no Brasil.<\/p>\n\n\n\n<p>Desde as esp\u00e9cies nativas, passando pelos ex\u00f3ticos at\u00e9 os cultivados, cada peixe desempenha um papel \u00fanico em seus ecossistemas.<\/p>\n\n\n\n<p>Com habitats variados, dietas adaptativas, modos de reprodu\u00e7\u00e3o diversificados e enfrentando uma gama de predadores, esses peixes s\u00e3o verdadeiros tesouros naturais.<\/p>\n\n\n\n<p>Esperamos que esta publica\u00e7\u00e3o tenha sido esclarecedora e enriquecedora.<\/p>\n\n\n\n<p>Seu coment\u00e1rio \u00e9 valioso para n\u00f3s, ent\u00e3o compartilhe suas impress\u00f5es e experi\u00eancias relacionadas a essas fascinantes criaturas aqu\u00e1ticas.<\/p>\n\n\n\n<p>A sua intera\u00e7\u00e3o \u00e9 fundamental para continuarmos explorando e valorizando a biodiversidade aqu\u00e1tica do nosso pa\u00eds.<\/p>\n\n\n\n<p>_____________________________________<\/p>\n\n\n\n<p>Informa\u00e7\u00f5es sobre peixes no&nbsp;<a href=\"https:\/\/pt.wikipedia.org\/wiki\/Peixe\" target=\"_blank\" rel=\"noreferrer noopener\">Wikip\u00e9dia<\/a><\/p>\n\n\n\n<p><strong>Referencia:<\/strong><\/p>\n\n\n\n<p><a href=\"https:\/\/myaquarium.com.br\/\">MyAquarium<\/a>: <a href=\"https:\/\/myaquarium.com.br\/\">https:\/\/myaquarium.com.br\/<\/a><\/p>\n\n\n\n<p>_______________________________________<\/p>\n\n\n\n<p><strong>Refer\u00eancias Bibliogr\u00e1ficas<\/strong><\/p>\n\n\n\n<p>BERNARDES, Roberto \u00c1vila;&nbsp;<a href=\"https:\/\/books.google.com.br\/books?id=_9hsqu_VyggC&amp;pg=PA49&amp;lpg=PA49&amp;dq=%22Myxine+sotoi%22&amp;source=bl&amp;ots=lx0CHxK-fO&amp;sig=BOzl8Bl3CoiQFZUKfG0Qf1SCy0c&amp;hl=pt-BR&amp;ei=uIZNTIOJLMGB8ga5hdEz&amp;sa=X&amp;oi=book_result&amp;ct=result&amp;resnum=7&amp;ved=0CD4Q6AEwBg#v=onepage&amp;q=%22Myxine%20sotoi%22&amp;f=false\"><strong><em>Peixes da Zona Econ\u00f4mica Exclusiva da Regi\u00e3o Sudeste-Sul do Brasil: Levantamento com Armadilhas, Pargueiras e Rede de Arrasto de Fundo<\/em><\/strong><\/a><strong>&nbsp;<\/strong>S\u00e3o Paulo: Editora da Universidade de S\u00e3o Paulo, 2005;<\/p>\n\n\n\n<p>Figueiredo, J. L. 1981. Estudo das distribui\u00e7\u00f5es end\u00eamicas de peixes da Provincia Zoogeogr\u00e1fica Marinha Argentina. Tese. Doutorado em Zoologia. Instituto de Bioci\u00eancias, Universidade de S\u00e3o Paulo, S\u00e3o Paulo. 121p.;<\/p>\n\n\n\n<p>PEIXES BR. Anu\u00e1rio Brasileiro da Piscicultura Peixes BR 2018. Associa\u00e7\u00e3o Brasileira da Piscicultura, 2018;<\/p>\n\n\n\n<p>Froese, R.; Pauly. D. Editors. 2012.&nbsp;<a href=\"https:\/\/fishbase.us\/\"><strong>FishBase<\/strong><\/a>. World Wide Web electronic publication. www.fishbase.org, version (12\/2012);<\/p>\n\n\n\n<p>Muto, E. Y.; Silva, M. H. C.; Vera, G. R.; Leite, S. S. M.; Navarro, D. G.; Rossi-Wongtschowski, C. L. D. B. 2005. Alimenta\u00e7\u00e3o e rela\u00e7\u00f5es tr\u00f3ficas de peixes demersais da plataforma continental externa e talude superior da regi\u00e3o Sudeste-Sul do Brasil. S\u00e3o Paulo, Instituto Oceanogr\u00e1fico \u2013 USP \/ S\u00e9rie Documentos REVIZEE, 64p;<\/p>\n\n\n\n<p>GOMES, L. C.; GOLOMBIESK, J. I.; GOMES, A. R. C.; BALDISSEROTO, B. Biologia do Jundi\u00e1 Rhamdia quelen (Teleostei, Pimelodidae). Ci\u00eancia Rural, v. 30, 2000;<\/p>\n\n\n\n<p>Eliz\u00e2ngela Maria de Souza; Daniel Ferreira Amaral (Org.); Eliz\u00e2ngela Maria de Souza; Elizabeth Maria de Souza Moreira; Anderson Miranda de Souza (2022). \u00ab18: Siluriformes &#8211; CARI\u00bb. Peixes do rio S\u00e3o Francisco: nativos, end\u00eamicos e ex\u00f3ticos (e-book). Petrolina: IFSert\u00e3oPE. p. 106-111. 133 p\u00e1ginas. ISBN 978-65-89380-08-5. Consultado em 28 de agosto de 2025<\/p>\n\n\n\n<p>Yoshimi Sato; Nelsy Fenerich-Verani; Jos\u00e9 Roberto Verani; Hugo Pereira Godinho; Edson Vieira Sampaio (1998). \u00abInduced reproduction and reproductive characteristics of Rhinelepis aspera Agassiz, 1829 (osteichthyes: Siluriformes, Loricariidae)\u00bb. scielo.br (em ingl\u00eas). Brazilian Archives of Biology and Technology, 41 (3). Consultado em 28 de agosto de 2025.<\/p>\n\n\n\n<p><a href=\"https:\/\/slowfoodbrasil.org.br\/arca_do_gosto\/cari\/\">https:\/\/slowfoodbrasil.org.br\/arca_do_gosto\/cari\/<\/a> &#8211; Consultado em 28 de agosto de 2025.<\/p>\n\n\n\n<p>_____________________________________________________________<\/p>\n\n\n\n<p>OUTRAS FONTES DE PESQUISAS<\/p>\n\n\n\n<p>VIVATERRA, ASPESCA, AQUAFLUX, AQUARIOFILIA, AQUAHOBBY, CLICKPESCA, MELHOR PEIXE e PLANET VET.<\/p>\n","protected":false},"excerpt":{"rendered":"<p>Ao finalizarmos nossa jornada pelas \u00e1guas brasileiras, fica evidente a riqueza e diversidade dos peixes de \u00e1gua&#8230;<\/p>\n","protected":false},"author":1,"featured_media":160,"parent":0,"menu_order":0,"comment_status":"closed","ping_status":"closed","template":"","meta":{"footnotes":""},"class_list":["post-159","page","type-page","status-publish","has-post-thumbnail","hentry"],"_links":{"self":[{"href":"https:\/\/maenatureza.org.br\/expo_peixes\/index.php?rest_route=\/wp\/v2\/pages\/159","targetHints":{"allow":["GET"]}}],"collection":[{"href":"https:\/\/maenatureza.org.br\/expo_peixes\/index.php?rest_route=\/wp\/v2\/pages"}],"about":[{"href":"https:\/\/maenatureza.org.br\/expo_peixes\/index.php?rest_route=\/wp\/v2\/types\/page"}],"author":[{"embeddable":true,"href":"https:\/\/maenatureza.org.br\/expo_peixes\/index.php?rest_route=\/wp\/v2\/users\/1"}],"replies":[{"embeddable":true,"href":"https:\/\/maenatureza.org.br\/expo_peixes\/index.php?rest_route=%2Fwp%2Fv2%2Fcomments&post=159"}],"version-history":[{"count":1,"href":"https:\/\/maenatureza.org.br\/expo_peixes\/index.php?rest_route=\/wp\/v2\/pages\/159\/revisions"}],"predecessor-version":[{"id":161,"href":"https:\/\/maenatureza.org.br\/expo_peixes\/index.php?rest_route=\/wp\/v2\/pages\/159\/revisions\/161"}],"wp:featuredmedia":[{"embeddable":true,"href":"https:\/\/maenatureza.org.br\/expo_peixes\/index.php?rest_route=\/wp\/v2\/media\/160"}],"wp:attachment":[{"href":"https:\/\/maenatureza.org.br\/expo_peixes\/index.php?rest_route=%2Fwp%2Fv2%2Fmedia&parent=159"}],"curies":[{"name":"wp","href":"https:\/\/api.w.org\/{rel}","templated":true}]}}